{"id":506,"date":"2021-03-29T12:17:45","date_gmt":"2021-03-29T10:17:45","guid":{"rendered":"https:\/\/www.augias.it\/?page_id=506"},"modified":"2022-01-01T15:27:09","modified_gmt":"2022-01-01T14:27:09","slug":"news","status":"publish","type":"page","link":"https:\/\/www.augias.eu\/fr\/news\/","title":{"rendered":"News"},"content":{"rendered":"\t\t<div data-elementor-type=\"wp-page\" data-elementor-id=\"506\" class=\"elementor elementor-506\" data-elementor-post-type=\"page\">\n\t\t\t\t\t\t<section class=\"elementor-section elementor-top-section elementor-element elementor-element-5d00156 elementor-section-boxed elementor-section-height-default elementor-section-height-default\" data-id=\"5d00156\" data-element_type=\"section\" data-e-type=\"section\">\n\t\t\t\t\t\t<div class=\"elementor-container elementor-column-gap-default\">\n\t\t\t\t\t<div class=\"elementor-column elementor-col-100 elementor-top-column elementor-element elementor-element-edb193a\" data-id=\"edb193a\" data-element_type=\"column\" data-e-type=\"column\">\n\t\t\t<div class=\"elementor-widget-wrap elementor-element-populated\">\n\t\t\t\t\t\t<div class=\"elementor-element elementor-element-63cc1d0 elementor-grid-3 elementor-grid-tablet-2 elementor-grid-mobile-1 elementor-posts--thumbnail-top elementor-card-shadow-yes elementor-posts__hover-gradient elementor-widget elementor-widget-posts\" data-id=\"63cc1d0\" data-element_type=\"widget\" data-e-type=\"widget\" data-settings=\"{&quot;pagination_type&quot;:&quot;prev_next&quot;,&quot;cards_columns&quot;:&quot;3&quot;,&quot;cards_columns_tablet&quot;:&quot;2&quot;,&quot;cards_columns_mobile&quot;:&quot;1&quot;,&quot;cards_row_gap&quot;:{&quot;unit&quot;:&quot;px&quot;,&quot;size&quot;:35,&quot;sizes&quot;:[]},&quot;cards_row_gap_tablet&quot;:{&quot;unit&quot;:&quot;px&quot;,&quot;size&quot;:&quot;&quot;,&quot;sizes&quot;:[]},&quot;cards_row_gap_mobile&quot;:{&quot;unit&quot;:&quot;px&quot;,&quot;size&quot;:&quot;&quot;,&quot;sizes&quot;:[]}}\" data-widget_type=\"posts.cards\">\n\t\t\t\t<div class=\"elementor-widget-container\">\n\t\t\t\t\t\t\t<div class=\"elementor-posts-container elementor-posts elementor-posts--skin-cards elementor-grid\" role=\"list\">\n\t\t\t\t<article class=\"elementor-post elementor-grid-item post-5138 post type-post status-publish format-standard has-post-thumbnail hentry category-news\" role=\"listitem\">\n\t\t\t<div class=\"elementor-post__card\">\n\t\t\t\t<a class=\"elementor-post__thumbnail__link\" href=\"https:\/\/www.augias.eu\/fr\/des-formations-et-un-accompagnement-sur-mesure-pour-les-professionnels-des-sap\/\" tabindex=\"-1\" ><div class=\"elementor-post__thumbnail\"><img fetchpriority=\"high\" decoding=\"async\" width=\"768\" height=\"512\" src=\"https:\/\/www.augias.eu\/fr\/wp-content\/uploads\/2022\/05\/AdobeStock_267431888-768x512.jpeg\" class=\"attachment-medium_large size-medium_large wp-image-5737\" alt=\"\" srcset=\"https:\/\/www.augias.eu\/fr\/wp-content\/uploads\/2022\/05\/AdobeStock_267431888-768x512.jpeg 768w, https:\/\/www.augias.eu\/fr\/wp-content\/uploads\/2022\/05\/AdobeStock_267431888-300x200.jpeg 300w, https:\/\/www.augias.eu\/fr\/wp-content\/uploads\/2022\/05\/AdobeStock_267431888-1024x683.jpeg 1024w, https:\/\/www.augias.eu\/fr\/wp-content\/uploads\/2022\/05\/AdobeStock_267431888-1536x1024.jpeg 1536w, https:\/\/www.augias.eu\/fr\/wp-content\/uploads\/2022\/05\/AdobeStock_267431888-2048x1365.jpeg 2048w\" sizes=\"(max-width: 768px) 100vw, 768px\" \/><\/div><\/a>\n\t\t\t\t<div class=\"elementor-post__text\">\n\t\t\t\t<h2 class=\"elementor-post__title\">\n\t\t\t<a href=\"https:\/\/www.augias.eu\/fr\/des-formations-et-un-accompagnement-sur-mesure-pour-les-professionnels-des-sap\/\" >\n\t\t\t\tDes formations et un accompagnement sur mesure pour les professionnels des SAP\t\t\t<\/a>\n\t\t<\/h2>\n\t\t\t\t<div class=\"elementor-post__excerpt\">\n\t\t\t<p>En France m\u00e9tropolitaine, lorsque l\u2019on aborde le sujet des Services \u00e0 la personne (SAP) \u00e0 domicile, le constat est vite cinglant. Il n\u2019existe pas, contrairement \u00e0 ce que l\u2019on pourrait croire, de probl\u00e9matique en mati\u00e8re d\u2019offre mais plut\u00f4t en mati\u00e8re de ressources. En clair, l\u2019offre est croissante mais les professionnels<\/p>\n\t\t<\/div>\n\t\t\n\t\t<a class=\"elementor-post__read-more\" href=\"https:\/\/www.augias.eu\/fr\/des-formations-et-un-accompagnement-sur-mesure-pour-les-professionnels-des-sap\/\" aria-label=\"En savoir plus sur Des formations et un accompagnement sur mesure pour les professionnels des SAP\" tabindex=\"-1\" >\n\t\t\tLire tout \u00bb\t\t<\/a>\n\n\t\t\t\t<\/div>\n\t\t\t\t<div class=\"elementor-post__meta-data\">\n\t\t\t\t\t<span class=\"elementor-post-date\">\n\t\t\t19 mai 2022\t\t<\/span>\n\t\t\t\t<\/div>\n\t\t\t\t\t<\/div>\n\t\t<\/article>\n\t\t\t\t<article class=\"elementor-post elementor-grid-item post-5106 post type-post status-publish format-standard has-post-thumbnail hentry category-news\" role=\"listitem\">\n\t\t\t<div class=\"elementor-post__card\">\n\t\t\t\t<a class=\"elementor-post__thumbnail__link\" href=\"https:\/\/www.augias.eu\/fr\/les-sap-voie-royale-pour-la-reconversion-professionnelle-des-femmes\/\" tabindex=\"-1\" ><div class=\"elementor-post__thumbnail\"><img decoding=\"async\" width=\"768\" height=\"512\" src=\"https:\/\/www.augias.eu\/fr\/wp-content\/uploads\/2022\/05\/docusign-BbSBf5uv50A-unsplash-768x512.jpg\" class=\"attachment-medium_large size-medium_large wp-image-5769\" alt=\"\" srcset=\"https:\/\/www.augias.eu\/fr\/wp-content\/uploads\/2022\/05\/docusign-BbSBf5uv50A-unsplash-768x512.jpg 768w, https:\/\/www.augias.eu\/fr\/wp-content\/uploads\/2022\/05\/docusign-BbSBf5uv50A-unsplash-300x200.jpg 300w, https:\/\/www.augias.eu\/fr\/wp-content\/uploads\/2022\/05\/docusign-BbSBf5uv50A-unsplash-1024x682.jpg 1024w, https:\/\/www.augias.eu\/fr\/wp-content\/uploads\/2022\/05\/docusign-BbSBf5uv50A-unsplash-1536x1024.jpg 1536w, https:\/\/www.augias.eu\/fr\/wp-content\/uploads\/2022\/05\/docusign-BbSBf5uv50A-unsplash.jpg 1613w\" sizes=\"(max-width: 768px) 100vw, 768px\" \/><\/div><\/a>\n\t\t\t\t<div class=\"elementor-post__text\">\n\t\t\t\t<h2 class=\"elementor-post__title\">\n\t\t\t<a href=\"https:\/\/www.augias.eu\/fr\/les-sap-voie-royale-pour-la-reconversion-professionnelle-des-femmes\/\" >\n\t\t\t\tLes SAP : voie royale pour la reconversion professionnelle des femmes\t\t\t<\/a>\n\t\t<\/h2>\n\t\t\t\t<div class=\"elementor-post__excerpt\">\n\t\t\t<p>Entre ambitions professionnelles, vie de famille et aspirations personnelles, les femmes en France sont tout particuli\u00e8rement concern\u00e9e par la difficult\u00e9 de jongler entre&nbsp;ces diff\u00e9rents pans essentiels de leur vie. C\u2019est probablement la raison pour laquelle elles sont de plus en plus nombreuses \u00e0 d\u00e9cider de prendre leur destin en main<\/p>\n\t\t<\/div>\n\t\t\n\t\t<a class=\"elementor-post__read-more\" href=\"https:\/\/www.augias.eu\/fr\/les-sap-voie-royale-pour-la-reconversion-professionnelle-des-femmes\/\" aria-label=\"En savoir plus sur Les SAP : voie royale pour la reconversion professionnelle des femmes\" tabindex=\"-1\" >\n\t\t\tLire tout \u00bb\t\t<\/a>\n\n\t\t\t\t<\/div>\n\t\t\t\t<div class=\"elementor-post__meta-data\">\n\t\t\t\t\t<span class=\"elementor-post-date\">\n\t\t\t19 mai 2022\t\t<\/span>\n\t\t\t\t<\/div>\n\t\t\t\t\t<\/div>\n\t\t<\/article>\n\t\t\t\t<article class=\"elementor-post elementor-grid-item post-5071 post type-post status-publish format-standard has-post-thumbnail hentry category-news\" role=\"listitem\">\n\t\t\t<div class=\"elementor-post__card\">\n\t\t\t\t<a class=\"elementor-post__thumbnail__link\" href=\"https:\/\/www.augias.eu\/fr\/auto-entreprise-comment-la-promouvoir-et-trouver-des-clients\/\" tabindex=\"-1\" ><div class=\"elementor-post__thumbnail\"><img decoding=\"async\" width=\"768\" height=\"513\" src=\"https:\/\/www.augias.eu\/fr\/wp-content\/uploads\/2022\/03\/AdobeStock_350286763-1-768x513.jpeg\" class=\"attachment-medium_large size-medium_large wp-image-5751\" alt=\"\" srcset=\"https:\/\/www.augias.eu\/fr\/wp-content\/uploads\/2022\/03\/AdobeStock_350286763-1-768x513.jpeg 768w, https:\/\/www.augias.eu\/fr\/wp-content\/uploads\/2022\/03\/AdobeStock_350286763-1-300x200.jpeg 300w, https:\/\/www.augias.eu\/fr\/wp-content\/uploads\/2022\/03\/AdobeStock_350286763-1-1024x684.jpeg 1024w, https:\/\/www.augias.eu\/fr\/wp-content\/uploads\/2022\/03\/AdobeStock_350286763-1-1536x1025.jpeg 1536w, https:\/\/www.augias.eu\/fr\/wp-content\/uploads\/2022\/03\/AdobeStock_350286763-1.jpeg 1823w\" sizes=\"(max-width: 768px) 100vw, 768px\" \/><\/div><\/a>\n\t\t\t\t<div class=\"elementor-post__text\">\n\t\t\t\t<h2 class=\"elementor-post__title\">\n\t\t\t<a href=\"https:\/\/www.augias.eu\/fr\/auto-entreprise-comment-la-promouvoir-et-trouver-des-clients\/\" >\n\t\t\t\tAuto entreprise : comment la promouvoir et trouver des clients ?\t\t\t<\/a>\n\t\t<\/h2>\n\t\t\t\t<div class=\"elementor-post__excerpt\">\n\t\t\t<p>Pour les autoentrepreneurs, Internet repr\u00e9sente un formidable outil de promotion et un puissant levier marketing. Se servir d&rsquo;Internet pour promouvoir son activit\u00e9 et acc\u00e9l\u00e9rer la vente de ses produits ou services porte un nom : le webmarketing. En effet, le d\u00e9veloppement d&rsquo;Internet a profond\u00e9ment modifi\u00e9 le sch\u00e9ma de communication traditionnel<\/p>\n\t\t<\/div>\n\t\t\n\t\t<a class=\"elementor-post__read-more\" href=\"https:\/\/www.augias.eu\/fr\/auto-entreprise-comment-la-promouvoir-et-trouver-des-clients\/\" aria-label=\"En savoir plus sur Auto entreprise : comment la promouvoir et trouver des clients ?\" tabindex=\"-1\" >\n\t\t\tLire tout \u00bb\t\t<\/a>\n\n\t\t\t\t<\/div>\n\t\t\t\t<div class=\"elementor-post__meta-data\">\n\t\t\t\t\t<span class=\"elementor-post-date\">\n\t\t\t31 mars 2022\t\t<\/span>\n\t\t\t\t<\/div>\n\t\t\t\t\t<\/div>\n\t\t<\/article>\n\t\t\t\t<article class=\"elementor-post elementor-grid-item post-5048 post type-post status-publish format-standard has-post-thumbnail hentry category-news\" role=\"listitem\">\n\t\t\t<div class=\"elementor-post__card\">\n\t\t\t\t<a class=\"elementor-post__thumbnail__link\" href=\"https:\/\/www.augias.eu\/fr\/salarie-le-virus-de-la-grande-demission-au-travail-se-fait-aussi-sentir-dans-les-entreprises-en-france\/\" tabindex=\"-1\" ><div class=\"elementor-post__thumbnail\"><img loading=\"lazy\" decoding=\"async\" width=\"768\" height=\"432\" src=\"https:\/\/www.augias.eu\/fr\/wp-content\/uploads\/2022\/03\/0701029560780-web-tete-768x432.jpg\" class=\"attachment-medium_large size-medium_large wp-image-5053\" alt=\"\" srcset=\"https:\/\/www.augias.eu\/fr\/wp-content\/uploads\/2022\/03\/0701029560780-web-tete-768x432.jpg 768w, https:\/\/www.augias.eu\/fr\/wp-content\/uploads\/2022\/03\/0701029560780-web-tete-300x169.jpg 300w, https:\/\/www.augias.eu\/fr\/wp-content\/uploads\/2022\/03\/0701029560780-web-tete-1024x576.jpg 1024w, https:\/\/www.augias.eu\/fr\/wp-content\/uploads\/2022\/03\/0701029560780-web-tete.jpg 1280w\" sizes=\"(max-width: 768px) 100vw, 768px\" \/><\/div><\/a>\n\t\t\t\t<div class=\"elementor-post__text\">\n\t\t\t\t<h2 class=\"elementor-post__title\">\n\t\t\t<a href=\"https:\/\/www.augias.eu\/fr\/salarie-le-virus-de-la-grande-demission-au-travail-se-fait-aussi-sentir-dans-les-entreprises-en-france\/\" >\n\t\t\t\tSalari\u00e9 : le virus de la \u00ab Grande d\u00e9mission \u00bb au travail se fait aussi sentir dans les entreprises en France\t\t\t<\/a>\n\t\t<\/h2>\n\t\t\t\t<div class=\"elementor-post__excerpt\">\n\t\t\t<p>On ne compte plus les modes ou les influences tout droit venus des Etats-Unis, tous domaines confondus et notamment \u00e9conomique et m\u00eame social, ou soci\u00e9tal devrait-on dire. La derni\u00e8re en date est \u00ab The big quit \u00bb, autrement dit, en bon fran\u00e7ais \u00ab la grande d\u00e9mission \u00bb. Alors, ph\u00e9nom\u00e8ne de<\/p>\n\t\t<\/div>\n\t\t\n\t\t<a class=\"elementor-post__read-more\" href=\"https:\/\/www.augias.eu\/fr\/salarie-le-virus-de-la-grande-demission-au-travail-se-fait-aussi-sentir-dans-les-entreprises-en-france\/\" aria-label=\"En savoir plus sur Salari\u00e9 : le virus de la \u00ab Grande d\u00e9mission \u00bb au travail se fait aussi sentir dans les entreprises en France\" tabindex=\"-1\" >\n\t\t\tLire tout \u00bb\t\t<\/a>\n\n\t\t\t\t<\/div>\n\t\t\t\t<div class=\"elementor-post__meta-data\">\n\t\t\t\t\t<span class=\"elementor-post-date\">\n\t\t\t30 mars 2022\t\t<\/span>\n\t\t\t\t<\/div>\n\t\t\t\t\t<\/div>\n\t\t<\/article>\n\t\t\t\t<article class=\"elementor-post elementor-grid-item post-5023 post type-post status-publish format-standard has-post-thumbnail hentry category-news\" role=\"listitem\">\n\t\t\t<div class=\"elementor-post__card\">\n\t\t\t\t<a class=\"elementor-post__thumbnail__link\" href=\"https:\/\/www.augias.eu\/fr\/auto-entreprise-et-covid-19-quelles-aides-pour-les-micro-entrepreneurs-des-services-a-la-personne-par-mois\/\" tabindex=\"-1\" ><div class=\"elementor-post__thumbnail\"><img loading=\"lazy\" decoding=\"async\" width=\"768\" height=\"512\" src=\"https:\/\/www.augias.eu\/fr\/wp-content\/uploads\/2022\/03\/ebp-blog-resister-face-a-la-crise-covid_330850268-768x512.jpg\" class=\"attachment-medium_large size-medium_large wp-image-5024\" alt=\"aide covid auto entrepreneur\" srcset=\"https:\/\/www.augias.eu\/fr\/wp-content\/uploads\/2022\/03\/ebp-blog-resister-face-a-la-crise-covid_330850268-768x512.jpg 768w, https:\/\/www.augias.eu\/fr\/wp-content\/uploads\/2022\/03\/ebp-blog-resister-face-a-la-crise-covid_330850268-300x200.jpg 300w, https:\/\/www.augias.eu\/fr\/wp-content\/uploads\/2022\/03\/ebp-blog-resister-face-a-la-crise-covid_330850268-1024x682.jpg 1024w, https:\/\/www.augias.eu\/fr\/wp-content\/uploads\/2022\/03\/ebp-blog-resister-face-a-la-crise-covid_330850268-1536x1023.jpg 1536w, https:\/\/www.augias.eu\/fr\/wp-content\/uploads\/2022\/03\/ebp-blog-resister-face-a-la-crise-covid_330850268.jpg 1920w\" sizes=\"(max-width: 768px) 100vw, 768px\" \/><\/div><\/a>\n\t\t\t\t<div class=\"elementor-post__text\">\n\t\t\t\t<h2 class=\"elementor-post__title\">\n\t\t\t<a href=\"https:\/\/www.augias.eu\/fr\/auto-entreprise-et-covid-19-quelles-aides-pour-les-micro-entrepreneurs-des-services-a-la-personne-par-mois\/\" >\n\t\t\t\tAuto-entreprise et COVID-19 : quelles aides pour les micro-entrepreneurs des services \u00e0 la personne par mois ?\t\t\t<\/a>\n\t\t<\/h2>\n\t\t\t\t<div class=\"elementor-post__excerpt\">\n\t\t\t<p>Dans certains secteurs de l&rsquo;\u00e9conomie, le \u00ab quoiqu&rsquo;il en co\u00fbte \u00bb est toujours de mise. Si les aides syst\u00e9matiques sont, depuis plusieurs mois, remises au placard, il existe, dans certaines limites, des aides compensatoires pour les entrepreneurs individuels dont l&rsquo;activit\u00e9 souffre de la situation sanitaire, y compris les ind\u00e9pendants exer\u00e7ant<\/p>\n\t\t<\/div>\n\t\t\n\t\t<a class=\"elementor-post__read-more\" href=\"https:\/\/www.augias.eu\/fr\/auto-entreprise-et-covid-19-quelles-aides-pour-les-micro-entrepreneurs-des-services-a-la-personne-par-mois\/\" aria-label=\"En savoir plus sur Auto-entreprise et COVID-19 : quelles aides pour les micro-entrepreneurs des services \u00e0 la personne par mois ?\" tabindex=\"-1\" >\n\t\t\tLire tout \u00bb\t\t<\/a>\n\n\t\t\t\t<\/div>\n\t\t\t\t<div class=\"elementor-post__meta-data\">\n\t\t\t\t\t<span class=\"elementor-post-date\">\n\t\t\t4 mars 2022\t\t<\/span>\n\t\t\t\t<\/div>\n\t\t\t\t\t<\/div>\n\t\t<\/article>\n\t\t\t\t<article class=\"elementor-post elementor-grid-item post-5013 post type-post status-publish format-standard has-post-thumbnail hentry category-news\" role=\"listitem\">\n\t\t\t<div class=\"elementor-post__card\">\n\t\t\t\t<a class=\"elementor-post__thumbnail__link\" href=\"https:\/\/www.augias.eu\/fr\/ce-que-vous-devez-savoir-sur-le-credit-dimpot-dans-les-sap\/\" tabindex=\"-1\" ><div class=\"elementor-post__thumbnail\"><img loading=\"lazy\" decoding=\"async\" width=\"768\" height=\"288\" src=\"https:\/\/www.augias.eu\/fr\/wp-content\/uploads\/2022\/03\/reduction-impots-1024x384.jpg-768x288.webp\" class=\"attachment-medium_large size-medium_large wp-image-5006\" alt=\"\" srcset=\"https:\/\/www.augias.eu\/fr\/wp-content\/uploads\/2022\/03\/reduction-impots-1024x384.jpg-768x288.webp 768w, https:\/\/www.augias.eu\/fr\/wp-content\/uploads\/2022\/03\/reduction-impots-1024x384.jpg-300x113.webp 300w, https:\/\/www.augias.eu\/fr\/wp-content\/uploads\/2022\/03\/reduction-impots-1024x384.jpg.webp 1024w\" sizes=\"(max-width: 768px) 100vw, 768px\" \/><\/div><\/a>\n\t\t\t\t<div class=\"elementor-post__text\">\n\t\t\t\t<h2 class=\"elementor-post__title\">\n\t\t\t<a href=\"https:\/\/www.augias.eu\/fr\/ce-que-vous-devez-savoir-sur-le-credit-dimpot-dans-les-sap\/\" >\n\t\t\t\tLe cr\u00e9dit d&rsquo;imp\u00f4t dans le Service \u00e0 la personne\t\t\t<\/a>\n\t\t<\/h2>\n\t\t\t\t<div class=\"elementor-post__excerpt\">\n\t\t\t<p>Voil\u00e0 une nouveaut\u00e9 en mati\u00e8re de cr\u00e9dit d&rsquo;imp\u00f4t qui a de quoi ravir les employeurs de prestataires exer\u00e7ant dans les services \u00e0 la personne \u00e0 domicile. Tout autant d&rsquo;ailleurs qu&rsquo;elle repr\u00e9sente une bonne nouvelle pour les autoentrepreneurs, les g\u00e9rants de microentreprise ou de soci\u00e9t\u00e9s de services \u00e0 la personne \u00e0<\/p>\n\t\t<\/div>\n\t\t\n\t\t<a class=\"elementor-post__read-more\" href=\"https:\/\/www.augias.eu\/fr\/ce-que-vous-devez-savoir-sur-le-credit-dimpot-dans-les-sap\/\" aria-label=\"En savoir plus sur Le cr\u00e9dit d&rsquo;imp\u00f4t dans le Service \u00e0 la personne\" tabindex=\"-1\" >\n\t\t\tLire tout \u00bb\t\t<\/a>\n\n\t\t\t\t<\/div>\n\t\t\t\t<div class=\"elementor-post__meta-data\">\n\t\t\t\t\t<span class=\"elementor-post-date\">\n\t\t\t4 mars 2022\t\t<\/span>\n\t\t\t\t<\/div>\n\t\t\t\t\t<\/div>\n\t\t<\/article>\n\t\t\t\t<\/div>\n\t\t\n\t\t\t\t<div class=\"e-load-more-anchor\" data-page=\"1\" data-max-page=\"3\" data-next-page=\"https:\/\/www.augias.eu\/fr\/wp-json\/wp\/v2\/pages\/506\/page\/2\/\"><\/div>\n\t\t\t\t<nav class=\"elementor-pagination\" aria-label=\"Pagination\">\n\t\t\t<span class=\"page-numbers prev\">&laquo; Precedente<\/span>\n<a class=\"page-numbers next\" href=\"https:\/\/www.augias.eu\/fr\/wp-json\/wp\/v2\/pages\/506\/page\/2\/\">Successivo &raquo;<\/a>\t\t<\/nav>\n\t\t\t\t\t\t<\/div>\n\t\t\t\t<\/div>\n\t\t\t\t\t<\/div>\n\t\t<\/div>\n\t\t\t\t\t<\/div>\n\t\t<\/section>\n\t\t\t\t<\/div>\n\t\t","protected":false},"excerpt":{"rendered":"","protected":false},"author":3,"featured_media":0,"parent":0,"menu_order":0,"comment_status":"closed","ping_status":"closed","template":"elementor_theme","meta":{"_monsterinsights_skip_tracking":false,"_monsterinsights_sitenote_active":false,"_monsterinsights_sitenote_note":"","_monsterinsights_sitenote_category":0,"footnotes":""},"class_list":["post-506","page","type-page","status-publish","hentry"],"yoast_head":"<!-- This site is optimized with the Yoast SEO plugin v27.4 - https:\/\/yoast.com\/product\/yoast-seo-wordpress\/ -->\n<title>News - Augias<\/title>\n<meta name=\"robots\" content=\"index, follow, max-snippet:-1, max-image-preview:large, max-video-preview:-1\" \/>\n<link rel=\"canonical\" href=\"https:\/\/www.augias.eu\/fr\/news\/\" \/>\n<meta property=\"og:locale\" content=\"fr_FR\" \/>\n<meta property=\"og:type\" content=\"article\" \/>\n<meta property=\"og:title\" content=\"News - Augias\" \/>\n<meta property=\"og:url\" content=\"https:\/\/www.augias.eu\/fr\/news\/\" \/>\n<meta property=\"og:site_name\" content=\"Augias\" \/>\n<meta property=\"article:modified_time\" content=\"2022-01-01T14:27:09+00:00\" \/>\n<meta name=\"twitter:card\" content=\"summary_large_image\" \/>\n<meta name=\"twitter:label1\" content=\"Dur\u00e9e de lecture estim\u00e9e\" \/>\n\t<meta name=\"twitter:data1\" content=\"4 minutes\" \/>\n<script type=\"application\/ld+json\" class=\"yoast-schema-graph\">{\"@context\":\"https:\\\/\\\/schema.org\",\"@graph\":[{\"@type\":\"WebPage\",\"@id\":\"https:\\\/\\\/www.augias.eu\\\/fr\\\/news\\\/\",\"url\":\"https:\\\/\\\/www.augias.eu\\\/fr\\\/news\\\/\",\"name\":\"News - Augias\",\"isPartOf\":{\"@id\":\"https:\\\/\\\/www.augias.eu\\\/fr\\\/#website\"},\"datePublished\":\"2021-03-29T10:17:45+00:00\",\"dateModified\":\"2022-01-01T14:27:09+00:00\",\"breadcrumb\":{\"@id\":\"https:\\\/\\\/www.augias.eu\\\/fr\\\/news\\\/#breadcrumb\"},\"inLanguage\":\"fr-FR\",\"potentialAction\":[{\"@type\":\"ReadAction\",\"target\":[\"https:\\\/\\\/www.augias.eu\\\/fr\\\/news\\\/\"]}]},{\"@type\":\"BreadcrumbList\",\"@id\":\"https:\\\/\\\/www.augias.eu\\\/fr\\\/news\\\/#breadcrumb\",\"itemListElement\":[{\"@type\":\"ListItem\",\"position\":1,\"name\":\"Accueil\",\"item\":\"https:\\\/\\\/www.augias.eu\\\/fr\\\/\"},{\"@type\":\"ListItem\",\"position\":2,\"name\":\"News\"}]},{\"@type\":\"WebSite\",\"@id\":\"https:\\\/\\\/www.augias.eu\\\/fr\\\/#website\",\"url\":\"https:\\\/\\\/www.augias.eu\\\/fr\\\/\",\"name\":\"Augias\",\"description\":\"Le sp\u00e9cialiste des services \u00e0 la personne\",\"publisher\":{\"@id\":\"https:\\\/\\\/www.augias.eu\\\/fr\\\/#organization\"},\"potentialAction\":[{\"@type\":\"SearchAction\",\"target\":{\"@type\":\"EntryPoint\",\"urlTemplate\":\"https:\\\/\\\/www.augias.eu\\\/fr\\\/?s={search_term_string}\"},\"query-input\":{\"@type\":\"PropertyValueSpecification\",\"valueRequired\":true,\"valueName\":\"search_term_string\"}}],\"inLanguage\":\"fr-FR\"},{\"@type\":\"Organization\",\"@id\":\"https:\\\/\\\/www.augias.eu\\\/fr\\\/#organization\",\"name\":\"Augias\",\"url\":\"https:\\\/\\\/www.augias.eu\\\/fr\\\/\",\"logo\":{\"@type\":\"ImageObject\",\"inLanguage\":\"fr-FR\",\"@id\":\"https:\\\/\\\/www.augias.eu\\\/fr\\\/#\\\/schema\\\/logo\\\/image\\\/\",\"url\":\"https:\\\/\\\/www.augias.eu\\\/fr\\\/wp-content\\\/uploads\\\/2021\\\/03\\\/cropped-logo-augias-01.png\",\"contentUrl\":\"https:\\\/\\\/www.augias.eu\\\/fr\\\/wp-content\\\/uploads\\\/2021\\\/03\\\/cropped-logo-augias-01.png\",\"width\":3544,\"height\":1184,\"caption\":\"Augias\"},\"image\":{\"@id\":\"https:\\\/\\\/www.augias.eu\\\/fr\\\/#\\\/schema\\\/logo\\\/image\\\/\"}}]}<\/script>\n<!-- \/ Yoast SEO plugin. -->","yoast_head_json":{"title":"News - Augias","robots":{"index":"index","follow":"follow","max-snippet":"max-snippet:-1","max-image-preview":"max-image-preview:large","max-video-preview":"max-video-preview:-1"},"canonical":"https:\/\/www.augias.eu\/fr\/news\/","og_locale":"fr_FR","og_type":"article","og_title":"News - Augias","og_url":"https:\/\/www.augias.eu\/fr\/news\/","og_site_name":"Augias","article_modified_time":"2022-01-01T14:27:09+00:00","twitter_card":"summary_large_image","twitter_misc":{"Dur\u00e9e de lecture estim\u00e9e":"4 minutes"},"schema":{"@context":"https:\/\/schema.org","@graph":[{"@type":"WebPage","@id":"https:\/\/www.augias.eu\/fr\/news\/","url":"https:\/\/www.augias.eu\/fr\/news\/","name":"News - Augias","isPartOf":{"@id":"https:\/\/www.augias.eu\/fr\/#website"},"datePublished":"2021-03-29T10:17:45+00:00","dateModified":"2022-01-01T14:27:09+00:00","breadcrumb":{"@id":"https:\/\/www.augias.eu\/fr\/news\/#breadcrumb"},"inLanguage":"fr-FR","potentialAction":[{"@type":"ReadAction","target":["https:\/\/www.augias.eu\/fr\/news\/"]}]},{"@type":"BreadcrumbList","@id":"https:\/\/www.augias.eu\/fr\/news\/#breadcrumb","itemListElement":[{"@type":"ListItem","position":1,"name":"Accueil","item":"https:\/\/www.augias.eu\/fr\/"},{"@type":"ListItem","position":2,"name":"News"}]},{"@type":"WebSite","@id":"https:\/\/www.augias.eu\/fr\/#website","url":"https:\/\/www.augias.eu\/fr\/","name":"Augias","description":"Le sp\u00e9cialiste des services \u00e0 la personne","publisher":{"@id":"https:\/\/www.augias.eu\/fr\/#organization"},"potentialAction":[{"@type":"SearchAction","target":{"@type":"EntryPoint","urlTemplate":"https:\/\/www.augias.eu\/fr\/?s={search_term_string}"},"query-input":{"@type":"PropertyValueSpecification","valueRequired":true,"valueName":"search_term_string"}}],"inLanguage":"fr-FR"},{"@type":"Organization","@id":"https:\/\/www.augias.eu\/fr\/#organization","name":"Augias","url":"https:\/\/www.augias.eu\/fr\/","logo":{"@type":"ImageObject","inLanguage":"fr-FR","@id":"https:\/\/www.augias.eu\/fr\/#\/schema\/logo\/image\/","url":"https:\/\/www.augias.eu\/fr\/wp-content\/uploads\/2021\/03\/cropped-logo-augias-01.png","contentUrl":"https:\/\/www.augias.eu\/fr\/wp-content\/uploads\/2021\/03\/cropped-logo-augias-01.png","width":3544,"height":1184,"caption":"Augias"},"image":{"@id":"https:\/\/www.augias.eu\/fr\/#\/schema\/logo\/image\/"}}]}},"_links":{"self":[{"href":"https:\/\/www.augias.eu\/fr\/wp-json\/wp\/v2\/pages\/506","targetHints":{"allow":["GET"]}}],"collection":[{"href":"https:\/\/www.augias.eu\/fr\/wp-json\/wp\/v2\/pages"}],"about":[{"href":"https:\/\/www.augias.eu\/fr\/wp-json\/wp\/v2\/types\/page"}],"author":[{"embeddable":true,"href":"https:\/\/www.augias.eu\/fr\/wp-json\/wp\/v2\/users\/3"}],"replies":[{"embeddable":true,"href":"https:\/\/www.augias.eu\/fr\/wp-json\/wp\/v2\/comments?post=506"}],"version-history":[{"count":0,"href":"https:\/\/www.augias.eu\/fr\/wp-json\/wp\/v2\/pages\/506\/revisions"}],"wp:attachment":[{"href":"https:\/\/www.augias.eu\/fr\/wp-json\/wp\/v2\/media?parent=506"}],"curies":[{"name":"wp","href":"https:\/\/api.w.org\/{rel}","templated":true}]}}