{"id":3993,"date":"2021-12-10T19:31:12","date_gmt":"2021-12-10T18:31:12","guid":{"rendered":"https:\/\/www.augias.eu\/fr\/?page_id=3993"},"modified":"2021-12-16T17:22:18","modified_gmt":"2021-12-16T16:22:18","slug":"formulaire-de-contact","status":"publish","type":"page","link":"https:\/\/www.augias.eu\/fr\/formulaire-de-contact\/","title":{"rendered":"Formulaire de contact"},"content":{"rendered":"\t\t<div data-elementor-type=\"wp-page\" data-elementor-id=\"3993\" class=\"elementor elementor-3993\" data-elementor-post-type=\"page\">\n\t\t\t\t\t\t<section class=\"elementor-section elementor-top-section elementor-element elementor-element-5f1fdf0 elementor-section-boxed elementor-section-height-default elementor-section-height-default\" data-id=\"5f1fdf0\" data-element_type=\"section\" data-e-type=\"section\">\n\t\t\t\t\t\t<div class=\"elementor-container elementor-column-gap-default\">\n\t\t\t\t\t<div class=\"elementor-column elementor-col-100 elementor-top-column elementor-element elementor-element-faa424b\" data-id=\"faa424b\" data-element_type=\"column\" data-e-type=\"column\">\n\t\t\t<div class=\"elementor-widget-wrap elementor-element-populated\">\n\t\t\t\t\t\t<div class=\"elementor-element elementor-element-4d2b29d elementor-widget elementor-widget-heading\" data-id=\"4d2b29d\" data-element_type=\"widget\" data-e-type=\"widget\" data-widget_type=\"heading.default\">\n\t\t\t\t<div class=\"elementor-widget-container\">\n\t\t\t\t\t<h1 class=\"elementor-heading-title elementor-size-default\">Formulaire de contact<\/h1>\t\t\t\t<\/div>\n\t\t\t\t<\/div>\n\t\t\t\t<div class=\"elementor-element elementor-element-404fa4f elementor-widget-divider--separator-type-pattern elementor-widget-divider--no-spacing elementor-widget-divider--view-line elementor-widget elementor-widget-divider\" data-id=\"404fa4f\" data-element_type=\"widget\" data-e-type=\"widget\" data-widget_type=\"divider.default\">\n\t\t\t\t<div class=\"elementor-widget-container\">\n\t\t\t\t\t\t\t<div class=\"elementor-divider\" style=\"--divider-pattern-url: url(&quot;data:image\/svg+xml,%3Csvg xmlns=&#039;http:\/\/www.w3.org\/2000\/svg&#039; preserveAspectRatio=&#039;xMidYMid meet&#039; overflow=&#039;visible&#039; height=&#039;100%&#039; viewBox=&#039;0 0 126 26&#039; fill=&#039;black&#039; stroke=&#039;none&#039;%3E%3Cpath d=&#039;M3,10.2c2.6,0,2.6,2,2.6,3.2S4.4,16.5,3,16.5s-3-1.4-3-3.2S0.4,10.2,3,10.2z M18.8,10.2c1.7,0,3.2,1.4,3.2,3.2s-1.4,3.2-3.2,3.2c-1.7,0-3.2-1.4-3.2-3.2S17,10.2,18.8,10.2z M34.6,10.2c1.5,0,2.6,1.4,2.6,3.2s-0.5,3.2-1.9,3.2c-1.5,0-3.4-1.4-3.4-3.2S33.1,10.2,34.6,10.2z M50.5,10.2c1.7,0,3.2,1.4,3.2,3.2s-1.4,3.2-3.2,3.2c-1.7,0-3.3-0.9-3.3-2.6S48.7,10.2,50.5,10.2z M66.2,10.2c1.5,0,3.4,1.4,3.4,3.2s-1.9,3.2-3.4,3.2c-1.5,0-2.6-0.4-2.6-2.1S64.8,10.2,66.2,10.2z M82.2,10.2c1.7,0.8,2.6,1.4,2.6,3.2s-0.1,3.2-1.6,3.2c-1.5,0-3.7-1.4-3.7-3.2S80.5,9.4,82.2,10.2zM98.6,10.2c1.5,0,2.6,0.4,2.6,2.1s-1.2,4.2-2.6,4.2c-1.5,0-3.7-0.4-3.7-2.1S97.1,10.2,98.6,10.2z M113.4,10.2c1.2,0,2.2,0.9,2.2,3.2s-0.1,3.2-1.3,3.2s-3.1-1.4-3.1-3.2S112.2,10.2,113.4,10.2z&#039;\/%3E%3C\/svg%3E&quot;);\">\n\t\t\t<span class=\"elementor-divider-separator\">\n\t\t\t\t\t\t<\/span>\n\t\t<\/div>\n\t\t\t\t\t\t<\/div>\n\t\t\t\t<\/div>\n\t\t\t\t\t<\/div>\n\t\t<\/div>\n\t\t\t\t\t<\/div>\n\t\t<\/section>\n\t\t\t\t<section class=\"elementor-section elementor-top-section elementor-element elementor-element-7692294 elementor-section-boxed elementor-section-height-default elementor-section-height-default\" data-id=\"7692294\" data-element_type=\"section\" data-e-type=\"section\">\n\t\t\t\t\t\t<div class=\"elementor-container elementor-column-gap-default\">\n\t\t\t\t\t<div class=\"elementor-column elementor-col-100 elementor-top-column elementor-element elementor-element-abe5704\" data-id=\"abe5704\" data-element_type=\"column\" data-e-type=\"column\">\n\t\t\t<div class=\"elementor-widget-wrap elementor-element-populated\">\n\t\t\t\t\t\t<div class=\"elementor-element elementor-element-c831bc2 fluent-form-widget-step-header-yes fluent-form-widget-step-progressbar-yes fluentform-widget-submit-button-custom elementor-widget elementor-widget-fluent-form-widget\" data-id=\"c831bc2\" data-element_type=\"widget\" data-e-type=\"widget\" data-widget_type=\"fluent-form-widget.default\">\n\t\t\t\t<div class=\"elementor-widget-container\">\n\t\t\t\t\t\n            <div class=\"fluentform-widget-wrapper hide-placeholder fluentform-widget-align-center\">\n\n            \n            <div class='fluentform ff-default fluentform_wrapper_5 ffs_default_wrap'><form data-form_id=\"5\" id=\"fluentform_5\" class=\"frm-fluent-form fluent_form_5 ff-el-form-top ff_form_instance_5_1 ff-form-loading ff_has_v3_recptcha ffs_default\" data-form_instance=\"ff_form_instance_5_1\" method=\"POST\" data-recptcha_key=\"6LdZFekhAAAAAPtdadPwHQn9roynvIsoewGdv71-\" ><fieldset  style=\"border: none!important;margin: 0!important;padding: 0!important;background-color: transparent!important;box-shadow: none!important;outline: none!important; min-inline-size: 100%;\">\n                    <legend class=\"ff_screen_reader_title\" style=\"display: block; margin: 0!important;padding: 0!important;height: 0!important;text-indent: -999999px;width: 0!important;overflow:hidden;\">Formulaire de contact<\/legend><p style=\"display: none !important;\" class=\"akismet-fields-container\" data-prefix=\"ak_\"><label>&#916;<textarea name=\"ak_hp_textarea\" cols=\"45\" rows=\"8\" maxlength=\"100\"><\/textarea><\/label><input type=\"hidden\" id=\"ak_js_1\" name=\"ak_js\" value=\"101\"\/><script>document.getElementById( \"ak_js_1\" ).setAttribute( \"value\", ( new Date() ).getTime() );<\/script><\/p><input type='hidden' name='__fluent_form_embded_post_id' value='3993' \/><input type=\"hidden\" id=\"_fluentform_5_fluentformnonce\" name=\"_fluentform_5_fluentformnonce\" value=\"f5e5abad61\" \/><input type=\"hidden\" name=\"_wp_http_referer\" value=\"\/fr\/wp-json\/wp\/v2\/pages\/3993\" \/><div data-name=\"ff_cn_id_1\"  class='ff-t-container ff-column-container ff_columns_total_2  '><div class='ff-t-cell ff-t-column-1' style='flex-basis: 50%;'><div class='ff-el-group'><div class=\"ff-el-input--label ff-el-is-required asterisk-right\"><label for='ff_5_last_name' aria-label=\"Nom\">Nom<\/label><\/div><div class='ff-el-input--content'><input type=\"text\" name=\"last_name\" class=\"ff-el-form-control\" placeholder=\"Nom\" data-name=\"last_name\" id=\"ff_5_last_name\"  aria-invalid=\"false\" aria-required=true><\/div><\/div><\/div><div class='ff-t-cell ff-t-column-2' style='flex-basis: 50%;'><div class='ff-el-group'><div class=\"ff-el-input--label ff-el-is-required asterisk-right\"><label for='ff_5_first_name' aria-label=\"Pr\u00e9nom\">Pr\u00e9nom<\/label><\/div><div class='ff-el-input--content'><input type=\"text\" name=\"first_name\" class=\"ff-el-form-control\" placeholder=\"Pr\u00e9nom\" data-name=\"first_name\" id=\"ff_5_first_name\"  aria-invalid=\"false\" aria-required=true><\/div><\/div><\/div><\/div><div class='ff-el-group'><div class=\"ff-el-input--label ff-el-is-required asterisk-right\"><label for='ff_5_email' aria-label=\"Email\">Email<\/label><\/div><div class='ff-el-input--content'><input type=\"email\" name=\"email\" id=\"ff_5_email\" class=\"ff-el-form-control\" placeholder=\"Email\" data-name=\"email\"  aria-invalid=\"false\" aria-required=true><\/div><\/div><div class='ff-el-group'><div class=\"ff-el-input--label ff-el-is-required asterisk-right\"><label for='ff_5_dropdown' aria-label=\"D\u00e9crivez votre situation\">D\u00e9crivez votre situation<\/label><\/div><div class='ff-el-input--content'><select name=\"dropdown\" id=\"ff_5_dropdown\" class=\"ff-el-form-control\" data-name=\"dropdown\" data-calc_value=\"0\"  aria-invalid=\"false\" aria-required=true><option value=\"Je veux commencer une nouvelle activit\u00e9 d&#039;auto-entrepreneur dans le service \u00e0 la personne\"  >Je veux commencer une nouvelle activit\u00e9 d'auto-entrepreneur dans le service \u00e0 la personne<\/option><option value=\"Je suis d\u00e9j\u00e0 auto-entrepreneur dans le SAP mais j&#039;ai besoin d&#039;aide pour mieux g\u00e9rer mon activit\u00e9\"  >Je suis d\u00e9j\u00e0 auto-entrepreneur dans le SAP mais j'ai besoin d'aide pour mieux g\u00e9rer mon activit\u00e9<\/option><option value=\"Je suis g\u00e9rant, j&#039;ai besoin de ressources pour assurer la continuit\u00e9 des services\"  >Je suis g\u00e9rant, j'ai besoin de ressources pour assurer la continuit\u00e9 des services<\/option><option value=\"Nous sommes int\u00e9ress\u00e9s pour \u00eatre partenaire\"  >Nous sommes int\u00e9ress\u00e9s pour \u00eatre partenaire<\/option><option value=\"J&#039;ai besoin d&#039;un renseignement sur Augias\"  >J'ai besoin d'un renseignement sur Augias<\/option><\/select><\/div><\/div><div data-name=\"ff_cn_id_2\"  class='ff-t-container ff-column-container ff_columns_total_2  has-conditions '><div class='ff-t-cell ff-t-column-1' style='flex-basis: 50%;'><div class='ff-el-group'><div class=\"ff-el-input--label asterisk-right\"><label for='ff_5_input_text' aria-label=\"Nom de la soci\u00e9t\u00e9\">Nom de la soci\u00e9t\u00e9<\/label><\/div><div class='ff-el-input--content'><input type=\"text\" name=\"input_text\" class=\"ff-el-form-control\" placeholder=\"Nom de la soci\u00e9t\u00e9\" data-name=\"input_text\" id=\"ff_5_input_text\"  aria-invalid=\"false\" aria-required=false><\/div><\/div><\/div><div class='ff-t-cell ff-t-column-2' style='flex-basis: 50%;'><div class='ff-el-group'><div class=\"ff-el-input--label asterisk-right\"><label for='ff_5_input_text_1' aria-label=\"R\u00f4le\">R\u00f4le<\/label><\/div><div class='ff-el-input--content'><input type=\"text\" name=\"input_text_1\" class=\"ff-el-form-control\" placeholder=\"R\u00f4le dans la soci\u00e9t\u00e9\" data-name=\"input_text_1\" id=\"ff_5_input_text_1\"  aria-invalid=\"false\" aria-required=false><\/div><\/div><\/div><\/div><div class='ff-el-group'><div class=\"ff-el-input--label ff-el-is-required asterisk-right\"><label for='ff_5_message' aria-label=\"Message\">Message<\/label><\/div><div class='ff-el-input--content'><textarea aria-invalid=\"false\" aria-required=true name=\"message\" id=\"ff_5_message\" class=\"ff-el-form-control\" placeholder=\"Message\" rows=\"4\" cols=\"2\" data-name=\"message\" ><\/textarea><\/div><\/div><div class='ff-el-group    ff-el-input--content'><div class='ff-el-form-check ff-el-tc'><label aria-label='terms & conditions' class='ff-el-form-check-label ff_tc_label' for=gdpr-agreement_d87d4525d7d10d0d89d24589df205d0b><span class='ff_tc_checkbox'><input type=\"checkbox\" name=\"gdpr-agreement\" class=\"ff-el-form-check-input ff_gdpr_field\" data-name=\"gdpr-agreement\" id=\"gdpr-agreement_d87d4525d7d10d0d89d24589df205d0b\"  value='on' aria-invalid='false' aria-required=true><\/span> <div class='ff_t_c'>J\u2019ai lu la <a href=\"https:\/\/www.augias.eu\/fr\/politique-de-confidentialite\" target=\"_blank\">politique de confidentialit\u00e9<\/a>, j\u2019y adh\u00e8re sans r\u00e9serve et je consens au traitement des donn\u00e9es r\u00e9colt\u00e9es\n<\/div><\/label><\/div><\/div><div class='ff-el-group ff-text-left ff_submit_btn_wrapper ff_submit_btn_wrapper_custom'><button class=\"ff-btn ff-btn-submit ff-btn-md ff_btn_style wpf_has_custom_css\" type=\"submit\" name=\"custom_submit_button-5_1\" data-name=\"custom_submit_button-5_1\" >Envoyer<\/button><style>form.fluent_form_5 .wpf_has_custom_css.ff-btn-submit { background-color:#409EFF;border-color:#409EFF;color:#ffffff;min-width:100%; }form.fluent_form_5 .wpf_has_custom_css.ff-btn-submit:hover { background-color:#ffffff;border-color:#409EFF;color:#409EFF;min-width:100%; } <\/style><\/div><\/fieldset><\/form><div id='fluentform_5_errors' class='ff-errors-in-stack ff_form_instance_5_1 ff-form-loading_errors ff_form_instance_5_1_errors'><\/div><\/div>        <script type=\"text\/javascript\">\n            window.fluent_form_ff_form_instance_5_1 = {\"id\":\"5\",\"settings\":{\"layout\":{\"labelPlacement\":\"top\",\"helpMessagePlacement\":\"with_label\",\"errorMessagePlacement\":\"inline\",\"asteriskPlacement\":\"asterisk-right\"},\"id\":\"39\",\"restrictions\":{\"denyEmptySubmission\":{\"enabled\":false}}},\"form_instance\":\"ff_form_instance_5_1\",\"form_id_selector\":\"fluentform_5\",\"rules\":{\"last_name\":{\"required\":{\"value\":true,\"message\":\"Ce champ est obligatoire\"}},\"first_name\":{\"required\":{\"value\":true,\"message\":\"Ce champ est obligatoire\"}},\"email\":{\"required\":{\"value\":true,\"message\":\"This field is required\"},\"email\":{\"value\":true,\"message\":\"This field must contain a valid email\"}},\"dropdown\":{\"required\":{\"value\":true,\"message\":\"Ce champ est obligatoire\"}},\"input_text\":{\"required\":{\"value\":false,\"message\":\"Ce champ est obligatoire\"}},\"input_text_1\":{\"required\":{\"value\":false,\"message\":\"Ce champ est obligatoire\"}},\"message\":{\"required\":{\"value\":true,\"message\":\"This field is required\"}},\"gdpr-agreement\":{\"required\":{\"value\":true,\"message\":\"Ce champ est obligatoire\"}},\"recaptcha\":[]},\"debounce_time\":300,\"conditionals\":{\"ff_cn_id_2\":{\"type\":\"any\",\"status\":true,\"conditions\":[{\"field\":\"dropdown\",\"value\":\"Je suis g\\u00e9rant, j'ai besoin de ressources pour assurer la continuit\\u00e9 des services\",\"operator\":\"=\"},{\"field\":\"dropdown\",\"value\":\"Nous sommes int\\u00e9ress\\u00e9s pour \\u00eatre partenaire\",\"operator\":\"=\"}]},\"input_text\":{\"conditions\":[],\"status\":false,\"type\":\"any\",\"container_condition\":{\"type\":\"any\",\"status\":true,\"conditions\":[{\"field\":\"dropdown\",\"value\":\"Je suis g\\u00e9rant, j'ai besoin de ressources pour assurer la continuit\\u00e9 des services\",\"operator\":\"=\"},{\"field\":\"dropdown\",\"value\":\"Nous sommes int\\u00e9ress\\u00e9s pour \\u00eatre partenaire\",\"operator\":\"=\"}]}},\"input_text_1\":{\"conditions\":[],\"status\":false,\"type\":\"any\",\"container_condition\":{\"type\":\"any\",\"status\":true,\"conditions\":[{\"field\":\"dropdown\",\"value\":\"Je suis g\\u00e9rant, j'ai besoin de ressources pour assurer la continuit\\u00e9 des services\",\"operator\":\"=\"},{\"field\":\"dropdown\",\"value\":\"Nous sommes int\\u00e9ress\\u00e9s pour \\u00eatre partenaire\",\"operator\":\"=\"}]}}}};\n                    <\/script>\n                    <\/div>\n\n            \t\t\t\t<\/div>\n\t\t\t\t<\/div>\n\t\t\t\t\t<\/div>\n\t\t<\/div>\n\t\t\t\t\t<\/div>\n\t\t<\/section>\n\t\t\t\t<\/div>\n\t\t","protected":false},"excerpt":{"rendered":"<p>Nom Pr\u00e9nom Email D\u00e9crivez votre situation Je veux commencer une nouvelle activit\u00e9 d&rsquo;auto-entrepreneur dans le service \u00e0 la personneJe suis d\u00e9j\u00e0 auto-entrepreneur dans le SAP mais j&rsquo;ai besoin d&rsquo;aide pour mieux g\u00e9rer mon activit\u00e9Je suis g\u00e9rant, j&rsquo;ai besoin de ressources pour assurer la continuit\u00e9 des servicesNous sommes int\u00e9ress\u00e9s pour \u00eatre partenaireJ&rsquo;ai besoin d&rsquo;un renseignement sur [&hellip;]<\/p>\n","protected":false},"author":3,"featured_media":0,"parent":0,"menu_order":0,"comment_status":"closed","ping_status":"closed","template":"","meta":{"_monsterinsights_skip_tracking":false,"_monsterinsights_sitenote_active":false,"_monsterinsights_sitenote_note":"","_monsterinsights_sitenote_category":0,"footnotes":""},"class_list":["post-3993","page","type-page","status-publish","hentry"],"yoast_head":"<!-- This site is optimized with the Yoast SEO plugin v27.4 - https:\/\/yoast.com\/product\/yoast-seo-wordpress\/ -->\n<title>Formulaire de contact - Augias<\/title>\n<meta name=\"robots\" content=\"index, follow, max-snippet:-1, max-image-preview:large, max-video-preview:-1\" \/>\n<link rel=\"canonical\" href=\"https:\/\/www.augias.eu\/fr\/formulaire-de-contact\/\" \/>\n<meta property=\"og:locale\" content=\"fr_FR\" \/>\n<meta property=\"og:type\" content=\"article\" \/>\n<meta property=\"og:title\" content=\"Formulaire de contact - Augias\" \/>\n<meta property=\"og:description\" content=\"Nom Pr\u00e9nom Email D\u00e9crivez votre situation Je veux commencer une nouvelle activit\u00e9 d&rsquo;auto-entrepreneur dans le service \u00e0 la personneJe suis d\u00e9j\u00e0 auto-entrepreneur dans le SAP mais j&rsquo;ai besoin d&rsquo;aide pour mieux g\u00e9rer mon activit\u00e9Je suis g\u00e9rant, j&rsquo;ai besoin de ressources pour assurer la continuit\u00e9 des servicesNous sommes int\u00e9ress\u00e9s pour \u00eatre partenaireJ&rsquo;ai besoin d&rsquo;un renseignement sur [&hellip;]\" \/>\n<meta property=\"og:url\" content=\"https:\/\/www.augias.eu\/fr\/formulaire-de-contact\/\" \/>\n<meta property=\"og:site_name\" content=\"Augias\" \/>\n<meta property=\"article:modified_time\" content=\"2021-12-16T16:22:18+00:00\" \/>\n<meta name=\"twitter:card\" content=\"summary_large_image\" \/>\n<meta name=\"twitter:label1\" content=\"Dur\u00e9e de lecture estim\u00e9e\" \/>\n\t<meta name=\"twitter:data1\" content=\"1 minute\" \/>\n<script type=\"application\/ld+json\" class=\"yoast-schema-graph\">{\"@context\":\"https:\\\/\\\/schema.org\",\"@graph\":[{\"@type\":\"WebPage\",\"@id\":\"https:\\\/\\\/www.augias.eu\\\/fr\\\/formulaire-de-contact\\\/\",\"url\":\"https:\\\/\\\/www.augias.eu\\\/fr\\\/formulaire-de-contact\\\/\",\"name\":\"Formulaire de contact - Augias\",\"isPartOf\":{\"@id\":\"https:\\\/\\\/www.augias.eu\\\/fr\\\/#website\"},\"datePublished\":\"2021-12-10T18:31:12+00:00\",\"dateModified\":\"2021-12-16T16:22:18+00:00\",\"breadcrumb\":{\"@id\":\"https:\\\/\\\/www.augias.eu\\\/fr\\\/formulaire-de-contact\\\/#breadcrumb\"},\"inLanguage\":\"fr-FR\",\"potentialAction\":[{\"@type\":\"ReadAction\",\"target\":[\"https:\\\/\\\/www.augias.eu\\\/fr\\\/formulaire-de-contact\\\/\"]}]},{\"@type\":\"BreadcrumbList\",\"@id\":\"https:\\\/\\\/www.augias.eu\\\/fr\\\/formulaire-de-contact\\\/#breadcrumb\",\"itemListElement\":[{\"@type\":\"ListItem\",\"position\":1,\"name\":\"Accueil\",\"item\":\"https:\\\/\\\/www.augias.eu\\\/fr\\\/\"},{\"@type\":\"ListItem\",\"position\":2,\"name\":\"Formulaire de contact\"}]},{\"@type\":\"WebSite\",\"@id\":\"https:\\\/\\\/www.augias.eu\\\/fr\\\/#website\",\"url\":\"https:\\\/\\\/www.augias.eu\\\/fr\\\/\",\"name\":\"Augias\",\"description\":\"Le sp\u00e9cialiste des services \u00e0 la personne\",\"publisher\":{\"@id\":\"https:\\\/\\\/www.augias.eu\\\/fr\\\/#organization\"},\"potentialAction\":[{\"@type\":\"SearchAction\",\"target\":{\"@type\":\"EntryPoint\",\"urlTemplate\":\"https:\\\/\\\/www.augias.eu\\\/fr\\\/?s={search_term_string}\"},\"query-input\":{\"@type\":\"PropertyValueSpecification\",\"valueRequired\":true,\"valueName\":\"search_term_string\"}}],\"inLanguage\":\"fr-FR\"},{\"@type\":\"Organization\",\"@id\":\"https:\\\/\\\/www.augias.eu\\\/fr\\\/#organization\",\"name\":\"Augias\",\"url\":\"https:\\\/\\\/www.augias.eu\\\/fr\\\/\",\"logo\":{\"@type\":\"ImageObject\",\"inLanguage\":\"fr-FR\",\"@id\":\"https:\\\/\\\/www.augias.eu\\\/fr\\\/#\\\/schema\\\/logo\\\/image\\\/\",\"url\":\"https:\\\/\\\/www.augias.eu\\\/fr\\\/wp-content\\\/uploads\\\/2021\\\/03\\\/cropped-logo-augias-01.png\",\"contentUrl\":\"https:\\\/\\\/www.augias.eu\\\/fr\\\/wp-content\\\/uploads\\\/2021\\\/03\\\/cropped-logo-augias-01.png\",\"width\":3544,\"height\":1184,\"caption\":\"Augias\"},\"image\":{\"@id\":\"https:\\\/\\\/www.augias.eu\\\/fr\\\/#\\\/schema\\\/logo\\\/image\\\/\"}}]}<\/script>\n<!-- \/ Yoast SEO plugin. -->","yoast_head_json":{"title":"Formulaire de contact - Augias","robots":{"index":"index","follow":"follow","max-snippet":"max-snippet:-1","max-image-preview":"max-image-preview:large","max-video-preview":"max-video-preview:-1"},"canonical":"https:\/\/www.augias.eu\/fr\/formulaire-de-contact\/","og_locale":"fr_FR","og_type":"article","og_title":"Formulaire de contact - Augias","og_description":"Nom Pr\u00e9nom Email D\u00e9crivez votre situation Je veux commencer une nouvelle activit\u00e9 d&rsquo;auto-entrepreneur dans le service \u00e0 la personneJe suis d\u00e9j\u00e0 auto-entrepreneur dans le SAP mais j&rsquo;ai besoin d&rsquo;aide pour mieux g\u00e9rer mon activit\u00e9Je suis g\u00e9rant, j&rsquo;ai besoin de ressources pour assurer la continuit\u00e9 des servicesNous sommes int\u00e9ress\u00e9s pour \u00eatre partenaireJ&rsquo;ai besoin d&rsquo;un renseignement sur [&hellip;]","og_url":"https:\/\/www.augias.eu\/fr\/formulaire-de-contact\/","og_site_name":"Augias","article_modified_time":"2021-12-16T16:22:18+00:00","twitter_card":"summary_large_image","twitter_misc":{"Dur\u00e9e de lecture estim\u00e9e":"1 minute"},"schema":{"@context":"https:\/\/schema.org","@graph":[{"@type":"WebPage","@id":"https:\/\/www.augias.eu\/fr\/formulaire-de-contact\/","url":"https:\/\/www.augias.eu\/fr\/formulaire-de-contact\/","name":"Formulaire de contact - Augias","isPartOf":{"@id":"https:\/\/www.augias.eu\/fr\/#website"},"datePublished":"2021-12-10T18:31:12+00:00","dateModified":"2021-12-16T16:22:18+00:00","breadcrumb":{"@id":"https:\/\/www.augias.eu\/fr\/formulaire-de-contact\/#breadcrumb"},"inLanguage":"fr-FR","potentialAction":[{"@type":"ReadAction","target":["https:\/\/www.augias.eu\/fr\/formulaire-de-contact\/"]}]},{"@type":"BreadcrumbList","@id":"https:\/\/www.augias.eu\/fr\/formulaire-de-contact\/#breadcrumb","itemListElement":[{"@type":"ListItem","position":1,"name":"Accueil","item":"https:\/\/www.augias.eu\/fr\/"},{"@type":"ListItem","position":2,"name":"Formulaire de contact"}]},{"@type":"WebSite","@id":"https:\/\/www.augias.eu\/fr\/#website","url":"https:\/\/www.augias.eu\/fr\/","name":"Augias","description":"Le sp\u00e9cialiste des services \u00e0 la personne","publisher":{"@id":"https:\/\/www.augias.eu\/fr\/#organization"},"potentialAction":[{"@type":"SearchAction","target":{"@type":"EntryPoint","urlTemplate":"https:\/\/www.augias.eu\/fr\/?s={search_term_string}"},"query-input":{"@type":"PropertyValueSpecification","valueRequired":true,"valueName":"search_term_string"}}],"inLanguage":"fr-FR"},{"@type":"Organization","@id":"https:\/\/www.augias.eu\/fr\/#organization","name":"Augias","url":"https:\/\/www.augias.eu\/fr\/","logo":{"@type":"ImageObject","inLanguage":"fr-FR","@id":"https:\/\/www.augias.eu\/fr\/#\/schema\/logo\/image\/","url":"https:\/\/www.augias.eu\/fr\/wp-content\/uploads\/2021\/03\/cropped-logo-augias-01.png","contentUrl":"https:\/\/www.augias.eu\/fr\/wp-content\/uploads\/2021\/03\/cropped-logo-augias-01.png","width":3544,"height":1184,"caption":"Augias"},"image":{"@id":"https:\/\/www.augias.eu\/fr\/#\/schema\/logo\/image\/"}}]}},"_links":{"self":[{"href":"https:\/\/www.augias.eu\/fr\/wp-json\/wp\/v2\/pages\/3993","targetHints":{"allow":["GET"]}}],"collection":[{"href":"https:\/\/www.augias.eu\/fr\/wp-json\/wp\/v2\/pages"}],"about":[{"href":"https:\/\/www.augias.eu\/fr\/wp-json\/wp\/v2\/types\/page"}],"author":[{"embeddable":true,"href":"https:\/\/www.augias.eu\/fr\/wp-json\/wp\/v2\/users\/3"}],"replies":[{"embeddable":true,"href":"https:\/\/www.augias.eu\/fr\/wp-json\/wp\/v2\/comments?post=3993"}],"version-history":[{"count":0,"href":"https:\/\/www.augias.eu\/fr\/wp-json\/wp\/v2\/pages\/3993\/revisions"}],"wp:attachment":[{"href":"https:\/\/www.augias.eu\/fr\/wp-json\/wp\/v2\/media?parent=3993"}],"curies":[{"name":"wp","href":"https:\/\/api.w.org\/{rel}","templated":true}]}}